{"id":776,"date":"2021-07-27T20:58:48","date_gmt":"2021-07-27T20:58:48","guid":{"rendered":"https:\/\/asocars.org\/lofl\/?page_id=776"},"modified":"2021-09-21T18:48:04","modified_gmt":"2021-09-21T18:48:04","slug":"material-de-consulta-lofl","status":"publish","type":"page","link":"https:\/\/asocars.org\/lofl\/material-de-consulta-lofl\/","title":{"rendered":"Material de consulta LOFL"},"content":{"rendered":"\n<h1 class=\"has-text-align-center wp-block-heading\">Caja de Herramientas LOFL<\/h1>\n\n\n\n<div class=\"wp-block-columns is-layout-flex wp-container-core-columns-is-layout-9d6595d7 wp-block-columns-is-layout-flex\">\n<div class=\"wp-block-column is-layout-flow wp-block-column-is-layout-flow\" style=\"flex-basis:33.33%\">\n<div class=\"wp-block-image is-style-default\"><figure class=\"aligncenter size-medium is-resized\"><img fetchpriority=\"high\" decoding=\"async\" src=\"https:\/\/asocars.org\/lofl\/wp-content\/uploads\/2021\/07\/vlcsnap-2021-07-27-16h03m02s800-Medium-225x300.png\" alt=\"\" class=\"wp-image-792\" width=\"225\" height=\"300\" srcset=\"https:\/\/asocars.org\/lofl\/wp-content\/uploads\/2021\/07\/vlcsnap-2021-07-27-16h03m02s800-Medium-225x300.png 225w, https:\/\/asocars.org\/lofl\/wp-content\/uploads\/2021\/07\/vlcsnap-2021-07-27-16h03m02s800-Medium-300x400.png 300w, https:\/\/asocars.org\/lofl\/wp-content\/uploads\/2021\/07\/vlcsnap-2021-07-27-16h03m02s800-Medium.png 768w\" sizes=\"(max-width: 225px) 100vw, 225px\" \/><\/figure><\/div>\n<\/div>\n\n\n\n<div class=\"wp-block-column is-layout-flow wp-block-column-is-layout-flow\" style=\"flex-basis:66.66%\">\n<h2 class=\"has-text-align-center wp-block-heading\">Gu\u00edas de Usuario<\/h2>\n\n\n\n<div class=\"wp-block-columns is-layout-flex wp-container-core-columns-is-layout-9d6595d7 wp-block-columns-is-layout-flex\">\n<div class=\"wp-block-column is-layout-flow wp-block-column-is-layout-flow\">\n<ul class=\"wp-block-list\"><li><a rel=\"noreferrer noopener\" href=\"https:\/\/asocars.org\/lofl\/wp-content\/uploads\/2021\/07\/Registro-VITAL-LOFL.pdf\" target=\"_blank\">Registro vital<\/a><\/li><li><a rel=\"noreferrer noopener\" href=\"https:\/\/asocars.org\/lofl\/wp-content\/uploads\/2021\/07\/Registrovital-accesolofl.pdf\" target=\"_blank\">Registro vital LOFL<\/a><\/li><li><a rel=\"noreferrer noopener\" href=\"https:\/\/asocars.org\/lofl\/wp-content\/uploads\/2021\/07\/Gestion_de_Visitas_Informe_Tecnico.pdf\" target=\"_blank\">Gesti\u00f3n de visitas informe t\u00e9cnico<\/a><\/li><li><a rel=\"noreferrer noopener\" href=\"https:\/\/asocars.org\/lofl\/wp-content\/uploads\/2021\/07\/Libro_de_Operaciones_Area_de_Aprovechamiento.pdf\" target=\"_blank\">Libro de operaciones \u00e1rea de aprovechamiento<\/a><\/li><li><a rel=\"noreferrer noopener\" href=\"https:\/\/asocars.org\/lofl\/wp-content\/uploads\/2021\/07\/Libro_de_Operaciones_Empresa_Forestal.pdf\" target=\"_blank\">Libro de operaciones empresa forestal<\/a><\/li><li><a rel=\"noreferrer noopener\" href=\"https:\/\/www.minambiente.gov.co\/index.php\/noticias\/4891-app-covima-la-apuesta-tecnologica-desarrollada-por-minambiente-gggi-y-el-reino-de-noruega\" target=\"_blank\">COVIMA<\/a><\/li><\/ul>\n\n\n\n<p class=\"has-text-align-right\"><a rel=\"noreferrer noopener\" href=\"http:\/\/vital-qa.minambiente.gov.co\/SILPA\/TestSilpa\/security\/login.aspx\" target=\"_blank\"> <strong>VITAL DE PRUEBA <\/strong><\/a><\/p>\n\n\n\n<figure class=\"wp-block-image size-full is-resized\"><a href=\"http:\/\/vital-qa.minambiente.gov.co\/SILPA\/TestSilpa\/security\/login.aspx\" target=\"_blank\" rel=\"noopener\"><img decoding=\"async\" src=\"https:\/\/asocars.org\/lofl\/wp-content\/uploads\/2021\/08\/6gbzwh9w-1.jpeg\" alt=\"\" class=\"wp-image-866\" width=\"470\" height=\"102\" srcset=\"https:\/\/asocars.org\/lofl\/wp-content\/uploads\/2021\/08\/6gbzwh9w-1.jpeg 515w, https:\/\/asocars.org\/lofl\/wp-content\/uploads\/2021\/08\/6gbzwh9w-1-300x65.jpeg 300w\" sizes=\"(max-width: 470px) 100vw, 470px\" \/><\/a><\/figure>\n\n\n\n<h3 class=\"has-text-align-right wp-block-heading\"><a rel=\"noreferrer noopener\" href=\"https:\/\/www.minambiente.gov.co\/index.php\/component\/content\/article\/431-gobernanza-forestal#:~:text=El%20Esquema%20de%20Reconocimiento%20a,mayor%20conciencia%20ambiental%20y%20por\" target=\"_blank\"><strong>Gobernanza forestal y reconocimientos<\/strong><\/a><\/h3>\n<\/div>\n\n\n\n<div class=\"wp-block-column is-layout-flow wp-block-column-is-layout-flow\">\n<ul class=\"wp-block-list\"><li><a rel=\"noreferrer noopener\" href=\"https:\/\/asocars.org\/lofl\/wp-content\/uploads\/2021\/07\/Libro_de_Operaciones_No_Maderable.pdf\" target=\"_blank\">Libro de operaciones no maderable<\/a><\/li><li><a rel=\"noreferrer noopener\" href=\"https:\/\/asocars.org\/lofl\/wp-content\/uploads\/2021\/07\/Reconocimientos_forestales.pdf\" target=\"_blank\">Reconocimientos forestales<\/a><\/li><li><a rel=\"noreferrer noopener\" href=\"https:\/\/asocars.org\/lofl\/wp-content\/uploads\/2021\/07\/Reportes_Reporte_de_Inventario.pdf\" target=\"_blank\">Reporte de inventario<\/a><\/li><li><a rel=\"noreferrer noopener\" href=\"https:\/\/asocars.org\/lofl\/wp-content\/uploads\/2021\/07\/Solicitudes_Solicitudes_Asignadas.pdf\" target=\"_blank\">Solicitudes asignadas<\/a><\/li><li><a rel=\"noreferrer noopener\" href=\"https:\/\/www.minambiente.gov.co\/images\/BosquesBiodiversidadyServiciosEcosistemicos\/pdf\/Gobernanza_forestal_2\/10._Gu%C3%ADa_de_Cubicaci%C3%B3n_de_Madera.pdf\" target=\"_blank\">Gu\u00eda de cubicaci\u00f3n de maderas<\/a><\/li><li><a href=\"https:\/\/asocars.org\/lofl\/wp-content\/uploads\/2021\/09\/Oficio-Ejemplo-Solicitud-de-Usuario-Autoridad-Ambiental.docx\" target=\"_blank\" rel=\"noreferrer noopener\">Oficio ejemplo solicitud de usuario Autoridad Ambiental<\/a><\/li><\/ul>\n<\/div>\n<\/div>\n<\/div>\n<\/div>\n\n\n\n<h2 class=\"has-text-align-center wp-block-heading\">Presentaciones de talleres regionales (Minambiente)<\/h2>\n\n\n\n<div class=\"wp-block-columns is-layout-flex wp-container-core-columns-is-layout-9d6595d7 wp-block-columns-is-layout-flex\">\n<div class=\"wp-block-column is-layout-flow wp-block-column-is-layout-flow\"><iframe class=\"embed-pdf-viewer\" src=\"https:\/\/asocars.org\/lofl\/wp-content\/uploads\/2021\/08\/ENROLAMIENTO.pdf\" height=\"600\" width=\"600\" title=\"ENROLAMIENTO\"><\/iframe><\/div>\n\n\n\n<div class=\"wp-block-column is-layout-flow wp-block-column-is-layout-flow\"><iframe class=\"embed-pdf-viewer\" src=\"https:\/\/asocars.org\/lofl\/wp-content\/uploads\/2021\/09\/Nivelacion_conceptual_empresas-LOFL.pdf\" height=\"600\" width=\"600\" title=\"Nivelacion_conceptual_empresas LOFL\"><\/iframe><\/div>\n\n\n\n<div class=\"wp-block-column is-layout-flow wp-block-column-is-layout-flow\"><iframe class=\"embed-pdf-viewer\" src=\"https:\/\/asocars.org\/lofl\/wp-content\/uploads\/2021\/08\/PRESENTACION-NORMA-LOFL-2021-V3.pdf\" height=\"600\" width=\"600\" title=\"PRESENTACION-NORMA-LOFL-2021-V3\"><\/iframe><\/div>\n<\/div>\n\n\n\n<h1 class=\"has-text-align-center wp-block-heading\">Normatividad<\/h1>\n\n\n\n<div class=\"wp-block-columns is-layout-flex wp-container-core-columns-is-layout-9d6595d7 wp-block-columns-is-layout-flex\">\n<div class=\"wp-block-column is-layout-flow wp-block-column-is-layout-flow\"><iframe class=\"embed-pdf-viewer\" src=\"https:\/\/asocars.org\/lofl\/wp-content\/uploads\/2021\/07\/3f-Res-1971.pdf\" height=\"600\" width=\"600\" title=\"3f-Res 1971\"><\/iframe><\/div>\n\n\n\n<div class=\"wp-block-column is-layout-flow wp-block-column-is-layout-flow\"><iframe class=\"embed-pdf-viewer\" src=\"https:\/\/asocars.org\/lofl\/wp-content\/uploads\/2021\/07\/PRESENTACION-NORMA-LOFL-2020-V2.pdf\" height=\"600\" width=\"600\" title=\"PRESENTACION-NORMA-LOFL-2020-V2\"><\/iframe><\/div>\n<\/div>\n","protected":false},"excerpt":{"rendered":"<p>Caja de Herramientas LOFL Gu\u00edas de Usuario Registro vital Registro vital LOFL Gesti\u00f3n de visitas informe t\u00e9cnico Libro de operaciones \u00e1rea de aprovechamiento Libro de operaciones empresa forestal COVIMA VITAL DE PRUEBA Gobernanza forestal y reconocimientos Libro de operaciones no maderable Reconocimientos forestales Reporte de inventario Solicitudes asignadas Gu\u00eda de cubicaci\u00f3n de maderas Oficio ejemplo&#8230;<\/p>\n","protected":false},"author":1,"featured_media":0,"parent":0,"menu_order":0,"comment_status":"closed","ping_status":"closed","template":"elementor_header_footer","meta":{"_monsterinsights_skip_tracking":false,"_monsterinsights_sitenote_active":false,"_monsterinsights_sitenote_note":"","_monsterinsights_sitenote_category":0,"ngg_post_thumbnail":0,"footnotes":""},"class_list":["post-776","page","type-page","status-publish","hentry"],"_links":{"self":[{"href":"https:\/\/asocars.org\/lofl\/wp-json\/wp\/v2\/pages\/776","targetHints":{"allow":["GET"]}}],"collection":[{"href":"https:\/\/asocars.org\/lofl\/wp-json\/wp\/v2\/pages"}],"about":[{"href":"https:\/\/asocars.org\/lofl\/wp-json\/wp\/v2\/types\/page"}],"author":[{"embeddable":true,"href":"https:\/\/asocars.org\/lofl\/wp-json\/wp\/v2\/users\/1"}],"replies":[{"embeddable":true,"href":"https:\/\/asocars.org\/lofl\/wp-json\/wp\/v2\/comments?post=776"}],"version-history":[{"count":41,"href":"https:\/\/asocars.org\/lofl\/wp-json\/wp\/v2\/pages\/776\/revisions"}],"predecessor-version":[{"id":896,"href":"https:\/\/asocars.org\/lofl\/wp-json\/wp\/v2\/pages\/776\/revisions\/896"}],"wp:attachment":[{"href":"https:\/\/asocars.org\/lofl\/wp-json\/wp\/v2\/media?parent=776"}],"curies":[{"name":"wp","href":"https:\/\/api.w.org\/{rel}","templated":true}]}}